{"id":975194,"date":"2026-02-22T11:59:10","date_gmt":"2026-02-22T10:59:10","guid":{"rendered":"https:\/\/www.touwin.com\/?page_id=975194"},"modified":"2026-02-24T00:00:19","modified_gmt":"2026-02-23T23:00:19","slug":"boutique","status":"publish","type":"page","link":"https:\/\/www.touwin.com\/index.php\/boutique\/","title":{"rendered":"Boutique"},"content":{"rendered":"\n<div class=\"wp-block-group alignfull is-style-section-2 has-global-padding is-layout-constrained wp-block-group-is-layout-constrained is-style-section-2--1\" style=\"margin-top:0;margin-bottom:0;padding-top:var(--wp--preset--spacing--60);padding-bottom:var(--wp--preset--spacing--60)\">\n<div class=\"wp-block-columns alignwide is-layout-flex wp-container-core-columns-is-layout-643ced6b wp-block-columns-is-layout-flex\">\n<div class=\"wp-block-column is-layout-flow wp-block-column-is-layout-flow\" style=\"flex-basis:40%\">\n<figure class=\"wp-block-image size-large\"><a href=\"https:\/\/www.touwin.com\/index.php\/page-vente-calendrier\/\"><img loading=\"lazy\" decoding=\"async\" width=\"724\" height=\"1024\" src=\"https:\/\/www.touwin.com\/wp-content\/uploads\/2026\/02\/Calendrier-2026-final_-724x1024.png\" alt=\"\" class=\"wp-image-975125\" srcset=\"https:\/\/www.touwin.com\/wp-content\/uploads\/2026\/02\/Calendrier-2026-final_-724x1024.png 724w, https:\/\/www.touwin.com\/wp-content\/uploads\/2026\/02\/Calendrier-2026-final_-212x300.png 212w, https:\/\/www.touwin.com\/wp-content\/uploads\/2026\/02\/Calendrier-2026-final_-768x1086.png 768w, https:\/\/www.touwin.com\/wp-content\/uploads\/2026\/02\/Calendrier-2026-final_-1086x1536.png 1086w, https:\/\/www.touwin.com\/wp-content\/uploads\/2026\/02\/Calendrier-2026-final_-1448x2048.png 1448w, https:\/\/www.touwin.com\/wp-content\/uploads\/2026\/02\/Calendrier-2026-final_-600x848.png 600w, https:\/\/www.touwin.com\/wp-content\/uploads\/2026\/02\/Calendrier-2026-final_-scaled.png 1810w\" sizes=\"auto, (max-width: 724px) 100vw, 724px\" \/><\/a><\/figure>\n<\/div>\n\n\n\n<div class=\"wp-block-column is-vertically-aligned-center is-layout-flow wp-container-core-column-is-layout-119bc444 wp-block-column-is-layout-flow\" style=\"flex-basis:60%\">\n<h2 class=\"wp-block-heading has-xx-large-font-size\"><a href=\"https:\/\/www.touwin.com\/index.php\/page-vente-calendrier\/\" data-type=\"page\" data-id=\"975200\">Calendriers<\/a><\/h2>\n\n\n\n<p>Imaginez : un calendrier qui ne finit pas au fond d\u2019un tiroir en f\u00e9vrier, mais qui tr\u00f4ne fi\u00e8rement sur le frigo, entre les magnets de la belle-m\u00e8re et la liste de courses. Chaque mois, une touche de folie, un sourire en coin, et l\u2019assurance que m\u00eame le lundi matin, la vie a du piquant.<\/p>\n\n\n\n<p>C\u2019est malin, c\u2019est dr\u00f4le, et surtout, c\u2019est un cadeau qui ne finit pas en double dans le placard. Parce qu\u2019un calendrier sexy, c\u2019est comme un bon caf\u00e9 : \u00e7a r\u00e9veille, \u00e7a fait plaisir, et tout le monde en redemande. Alors, pr\u00eat \u00e0 rendre l\u2019ann\u00e9e un peu plus l\u00e9g\u00e8re (et les murs un peu plus int\u00e9ressants) ?<\/p>\n\n\n\n<figure class=\"wp-block-gallery has-nested-images columns-5 is-cropped wp-block-gallery-2 is-layout-flex wp-block-gallery-is-layout-flex\">\n<figure class=\"wp-block-image size-medium\"><img loading=\"lazy\" decoding=\"async\" width=\"200\" height=\"300\" data-id=\"975207\" src=\"https:\/\/www.touwin.com\/wp-content\/uploads\/2026\/02\/2-Touwin-20260494-200x300.jpg\" alt=\"\" class=\"wp-image-975207\" srcset=\"https:\/\/www.touwin.com\/wp-content\/uploads\/2026\/02\/2-Touwin-20260494-200x300.jpg 200w, https:\/\/www.touwin.com\/wp-content\/uploads\/2026\/02\/2-Touwin-20260494-683x1024.jpg 683w, https:\/\/www.touwin.com\/wp-content\/uploads\/2026\/02\/2-Touwin-20260494-768x1152.jpg 768w, https:\/\/www.touwin.com\/wp-content\/uploads\/2026\/02\/2-Touwin-20260494-1024x1536.jpg 1024w, https:\/\/www.touwin.com\/wp-content\/uploads\/2026\/02\/2-Touwin-20260494-600x900.jpg 600w, https:\/\/www.touwin.com\/wp-content\/uploads\/2026\/02\/2-Touwin-20260494.jpg 1365w\" sizes=\"auto, (max-width: 200px) 100vw, 200px\" \/><\/figure>\n\n\n\n<figure class=\"wp-block-image size-medium\"><img loading=\"lazy\" decoding=\"async\" width=\"200\" height=\"300\" data-id=\"975206\" src=\"https:\/\/www.touwin.com\/wp-content\/uploads\/2026\/02\/1-Touwin-20260021-200x300.jpg\" alt=\"\" class=\"wp-image-975206\" srcset=\"https:\/\/www.touwin.com\/wp-content\/uploads\/2026\/02\/1-Touwin-20260021-200x300.jpg 200w, https:\/\/www.touwin.com\/wp-content\/uploads\/2026\/02\/1-Touwin-20260021-683x1024.jpg 683w, https:\/\/www.touwin.com\/wp-content\/uploads\/2026\/02\/1-Touwin-20260021-768x1152.jpg 768w, https:\/\/www.touwin.com\/wp-content\/uploads\/2026\/02\/1-Touwin-20260021-1024x1536.jpg 1024w, https:\/\/www.touwin.com\/wp-content\/uploads\/2026\/02\/1-Touwin-20260021-600x900.jpg 600w, https:\/\/www.touwin.com\/wp-content\/uploads\/2026\/02\/1-Touwin-20260021.jpg 1365w\" sizes=\"auto, (max-width: 200px) 100vw, 200px\" \/><\/figure>\n\n\n\n<figure class=\"wp-block-image size-medium\"><img loading=\"lazy\" decoding=\"async\" width=\"200\" height=\"300\" data-id=\"975208\" src=\"https:\/\/www.touwin.com\/wp-content\/uploads\/2026\/02\/3-DSCF9495-200x300.jpg\" alt=\"\" class=\"wp-image-975208\" srcset=\"https:\/\/www.touwin.com\/wp-content\/uploads\/2026\/02\/3-DSCF9495-200x300.jpg 200w, https:\/\/www.touwin.com\/wp-content\/uploads\/2026\/02\/3-DSCF9495-683x1024.jpg 683w, https:\/\/www.touwin.com\/wp-content\/uploads\/2026\/02\/3-DSCF9495-768x1152.jpg 768w, https:\/\/www.touwin.com\/wp-content\/uploads\/2026\/02\/3-DSCF9495-1024x1536.jpg 1024w, https:\/\/www.touwin.com\/wp-content\/uploads\/2026\/02\/3-DSCF9495-600x900.jpg 600w, https:\/\/www.touwin.com\/wp-content\/uploads\/2026\/02\/3-DSCF9495.jpg 1365w\" sizes=\"auto, (max-width: 200px) 100vw, 200px\" \/><\/figure>\n\n\n\n<figure class=\"wp-block-image size-medium\"><img loading=\"lazy\" decoding=\"async\" width=\"200\" height=\"300\" data-id=\"975210\" src=\"https:\/\/www.touwin.com\/wp-content\/uploads\/2026\/02\/2-DSCF0140-200x300.jpg\" alt=\"\" class=\"wp-image-975210\" srcset=\"https:\/\/www.touwin.com\/wp-content\/uploads\/2026\/02\/2-DSCF0140-200x300.jpg 200w, https:\/\/www.touwin.com\/wp-content\/uploads\/2026\/02\/2-DSCF0140-683x1024.jpg 683w, https:\/\/www.touwin.com\/wp-content\/uploads\/2026\/02\/2-DSCF0140-768x1152.jpg 768w, https:\/\/www.touwin.com\/wp-content\/uploads\/2026\/02\/2-DSCF0140-1024x1536.jpg 1024w, https:\/\/www.touwin.com\/wp-content\/uploads\/2026\/02\/2-DSCF0140-600x900.jpg 600w, https:\/\/www.touwin.com\/wp-content\/uploads\/2026\/02\/2-DSCF0140.jpg 1365w\" sizes=\"auto, (max-width: 200px) 100vw, 200px\" \/><\/figure>\n\n\n\n<figure class=\"wp-block-image size-medium\"><img loading=\"lazy\" decoding=\"async\" width=\"200\" height=\"300\" data-id=\"975209\" src=\"https:\/\/www.touwin.com\/wp-content\/uploads\/2026\/02\/1-DSCF0100-200x300.jpg\" alt=\"\" class=\"wp-image-975209\" srcset=\"https:\/\/www.touwin.com\/wp-content\/uploads\/2026\/02\/1-DSCF0100-200x300.jpg 200w, https:\/\/www.touwin.com\/wp-content\/uploads\/2026\/02\/1-DSCF0100-683x1024.jpg 683w, https:\/\/www.touwin.com\/wp-content\/uploads\/2026\/02\/1-DSCF0100-768x1152.jpg 768w, https:\/\/www.touwin.com\/wp-content\/uploads\/2026\/02\/1-DSCF0100-1024x1536.jpg 1024w, https:\/\/www.touwin.com\/wp-content\/uploads\/2026\/02\/1-DSCF0100-600x900.jpg 600w, https:\/\/www.touwin.com\/wp-content\/uploads\/2026\/02\/1-DSCF0100.jpg 1365w\" sizes=\"auto, (max-width: 200px) 100vw, 200px\" \/><\/figure>\n<\/figure>\n\n\n<\/div>\n<\/div>\n<\/div>\n\n\n\n<div class=\"wp-block-group alignfull is-style-section-5 has-global-padding is-layout-constrained wp-block-group-is-layout-constrained is-style-section-5--8\" style=\"margin-top:0;margin-bottom:0;padding-top:var(--wp--preset--spacing--50);padding-bottom:var(--wp--preset--spacing--50)\">\n<div class=\"wp-block-columns alignwide is-layout-flex wp-container-core-columns-is-layout-7ee84d44 wp-block-columns-is-layout-flex\">\n<div class=\"wp-block-column is-vertically-aligned-center is-layout-flow wp-block-column-is-layout-flow\" style=\"flex-basis:50%\">\n<h2 class=\"wp-block-heading\">Merch<\/h2>\n\n\n\n<p class=\"has-medium-font-size\">Notre merch, c\u2019est comme notre \u00e9quipe : petit format, mais gros caract\u00e8re. On a mis tout notre amour (et un peu de caf\u00e9ine) dans des t-shirts, sweats et goodies qui ne passeront pas inaper\u00e7us\u2026 sauf peut-\u00eatre dans un magasin de mode, mais on s\u2019en fout. Ici, pas de bling-bling, juste des pi\u00e8ces qui clament haut et fort :\u00a0<em>\u00ab Oui, j<\/em>&lsquo;aime cette \u00e9quipe<em> et j\u2019en suis fier ! \u00bb<\/em>. Alors, si vous voulez un look qui fait parler (et rire), un cadeau qui ne finit pas au fond d\u2019un placard, ou simplement soutenir une \u00e9quipe qui ose tout (ou presque), foncez. Parce qu\u2019on est petits, mais on a du style\u2026 et des id\u00e9es qui d\u00e9tonnent. \ud83d\ude0e\ud83d\udd25<\/p>\n<\/div>\n\n\n\n<div class=\"wp-block-column is-vertically-aligned-center is-layout-flow wp-block-column-is-layout-flow\" style=\"flex-basis:50%\">\n<figure class=\"wp-block-image size-full\"><img loading=\"lazy\" decoding=\"async\" width=\"1312\" height=\"1312\" src=\"https:\/\/www.touwin.com\/wp-content\/uploads\/2026\/02\/Bonnet-homme-marine-Isotoner-83648_AFU_1.jpg.webp\" alt=\"\" class=\"wp-image-972764\" style=\"aspect-ratio:1;object-fit:cover\" srcset=\"https:\/\/www.touwin.com\/wp-content\/uploads\/2026\/02\/Bonnet-homme-marine-Isotoner-83648_AFU_1.jpg.webp 1312w, https:\/\/www.touwin.com\/wp-content\/uploads\/2026\/02\/Bonnet-homme-marine-Isotoner-83648_AFU_1.jpg-300x300.webp 300w, https:\/\/www.touwin.com\/wp-content\/uploads\/2026\/02\/Bonnet-homme-marine-Isotoner-83648_AFU_1.jpg-1024x1024.webp 1024w, https:\/\/www.touwin.com\/wp-content\/uploads\/2026\/02\/Bonnet-homme-marine-Isotoner-83648_AFU_1.jpg-150x150.webp 150w, https:\/\/www.touwin.com\/wp-content\/uploads\/2026\/02\/Bonnet-homme-marine-Isotoner-83648_AFU_1.jpg-768x768.webp 768w, https:\/\/www.touwin.com\/wp-content\/uploads\/2026\/02\/Bonnet-homme-marine-Isotoner-83648_AFU_1.jpg-600x600.webp 600w, https:\/\/www.touwin.com\/wp-content\/uploads\/2026\/02\/Bonnet-homme-marine-Isotoner-83648_AFU_1.jpg-100x100.webp 100w\" sizes=\"auto, (max-width: 1312px) 100vw, 1312px\" \/><\/figure>\n<\/div>\n<\/div>\n<\/div>\n","protected":false},"excerpt":{"rendered":"<p>Calendriers Imaginez : un calendrier qui ne finit pas au fond d\u2019un tiroir en f\u00e9vrier, mais qui tr\u00f4ne fi\u00e8rement sur le frigo, entre les magnets de la belle-m\u00e8re et la liste de courses. Chaque mois, une touche de folie, un sourire en coin, et l\u2019assurance que m\u00eame le lundi matin, la vie a du piquant. [&hellip;]<\/p>\n","protected":false},"author":1,"featured_media":0,"parent":0,"menu_order":0,"comment_status":"closed","ping_status":"closed","template":"page-no-title","meta":{"footnotes":""},"class_list":["post-975194","page","type-page","status-publish","hentry"],"_links":{"self":[{"href":"https:\/\/www.touwin.com\/index.php\/wp-json\/wp\/v2\/pages\/975194","targetHints":{"allow":["GET"]}}],"collection":[{"href":"https:\/\/www.touwin.com\/index.php\/wp-json\/wp\/v2\/pages"}],"about":[{"href":"https:\/\/www.touwin.com\/index.php\/wp-json\/wp\/v2\/types\/page"}],"author":[{"embeddable":true,"href":"https:\/\/www.touwin.com\/index.php\/wp-json\/wp\/v2\/users\/1"}],"replies":[{"embeddable":true,"href":"https:\/\/www.touwin.com\/index.php\/wp-json\/wp\/v2\/comments?post=975194"}],"version-history":[{"count":14,"href":"https:\/\/www.touwin.com\/index.php\/wp-json\/wp\/v2\/pages\/975194\/revisions"}],"predecessor-version":[{"id":975233,"href":"https:\/\/www.touwin.com\/index.php\/wp-json\/wp\/v2\/pages\/975194\/revisions\/975233"}],"wp:attachment":[{"href":"https:\/\/www.touwin.com\/index.php\/wp-json\/wp\/v2\/media?parent=975194"}],"curies":[{"name":"wp","href":"https:\/\/api.w.org\/{rel}","templated":true}]}}