{"id":972719,"date":"2026-02-08T17:40:36","date_gmt":"2026-02-08T16:40:36","guid":{"rendered":"http:\/\/localhost:8888\/?page_id=972719"},"modified":"2026-02-24T00:20:10","modified_gmt":"2026-02-23T23:20:10","slug":"touwinclusive-cup","status":"publish","type":"page","link":"https:\/\/www.touwin.com\/index.php\/touwinclusive-cup\/","title":{"rendered":"Touwin&rsquo;clusive cup"},"content":{"rendered":"\n\n\n\n\n\n\n<div style=\"height:100px\" aria-hidden=\"true\" class=\"wp-block-spacer\"><\/div>\n\n\n\n<div class=\"wp-block-group has-global-padding is-layout-constrained wp-block-group-is-layout-constrained\">\n<h2 class=\"wp-block-heading has-text-align-center is-style-text-display has-accent-2-color has-text-color has-link-color wp-elements-4129bbfd9ab8254508d4f05cf8c3ef02 is-style-text-display--2\">Touw&rsquo;inclusive<\/h2>\n\n\n\n<p>Le tournoi de rugby LGBTQIA+ inclusif o\u00f9 le sport rencontre la f\u00eate et la convivialit\u00e9 toulousaine.<\/p>\n\n\n\n<div class=\"wp-block-buttons is-content-justification-center is-layout-flex wp-container-core-buttons-is-layout-a89b3969 wp-block-buttons-is-layout-flex\">\n<div class=\"wp-block-button\"><a class=\"wp-block-button__link has-base-color has-accent-4-background-color has-text-color has-background has-link-color wp-element-button\">14 au 17 Mai<\/a><\/div>\n\n\n\n<div class=\"wp-block-button\"><a class=\"wp-block-button__link has-base-color has-accent-4-background-color has-text-color has-background has-link-color wp-element-button\">Argoulets, Toulouse<\/a><\/div>\n<\/div>\n\n\n\n<div style=\"height:150px\" aria-hidden=\"true\" class=\"wp-block-spacer\"><\/div>\n<\/div>\n\n\n\n<div class=\"wp-block-group alignfull has-background has-global-padding is-layout-constrained wp-block-group-is-layout-constrained\" style=\"background-color:#161414;margin-top:0;margin-bottom:0;padding-top:var(--wp--preset--spacing--60);padding-bottom:var(--wp--preset--spacing--60)\">\n<h2 class=\"wp-block-heading alignwide has-text-align-center\">Planning<\/h2>\n\n\n\n<p class=\"has-text-align-center\">Annuler ou mettre en pause \u00e0 tout moment.<\/p>\n\n\n\n<div style=\"height:var(--wp--preset--spacing--40)\" aria-hidden=\"true\" class=\"wp-block-spacer\"><\/div>\n\n\n\n<div class=\"wp-block-columns alignwide is-layout-flex wp-container-core-columns-is-layout-d0bbbce0 wp-block-columns-is-layout-flex\">\n<div class=\"wp-block-column has-border-color is-layout-flow wp-block-column-is-layout-flow\" style=\"border-color:var(--wp--preset--color--accent-6);border-width:1px;border-radius:10px;padding-top:var(--wp--preset--spacing--20);padding-right:var(--wp--preset--spacing--30);padding-bottom:var(--wp--preset--spacing--20);padding-left:var(--wp--preset--spacing--30)\">\n<h3 class=\"wp-block-heading has-text-align-center\" id=\"free\" style=\"letter-spacing:5px;line-height:1.5\"><strong>Vendredi 15 Mai<\/strong><\/h3>\n\n\n\n<div class=\"wp-block-group is-horizontal is-content-justification-left is-nowrap is-layout-flex wp-container-core-group-is-layout-8ad9adab wp-block-group-is-layout-flex\">\n<p class=\"wp-container-content-577e1c61\">09:00<\/p>\n\n\n\n<div class=\"wp-block-group is-vertical is-layout-flex wp-container-core-group-is-layout-fe9cc265 wp-block-group-is-layout-flex\">\n<h4 class=\"wp-block-heading\">Matin\u00e9e Culturelle<\/h4>\n\n\n\n<p>Optionnel \u2022 Visites guid\u00e9es de la ville rose.<\/p>\n<\/div>\n<\/div>\n\n\n\n<div class=\"wp-block-group is-nowrap is-layout-flex wp-container-core-group-is-layout-6c531013 wp-block-group-is-layout-flex\">\n<p class=\"wp-container-content-16d1eb73\">14:00<\/p>\n\n\n\n<div class=\"wp-block-group is-vertical is-layout-flex wp-container-core-group-is-layout-fe9cc265 wp-block-group-is-layout-flex\">\n<h4 class=\"wp-block-heading\">Rugby Touch\u00e9 D\u00e9guis\u00e9<\/h4>\n\n\n\n<p>Fun, paillettes et essais transform\u00e9s !<\/p>\n<\/div>\n<\/div>\n\n\n\n<div class=\"wp-block-group is-nowrap is-layout-flex wp-container-core-group-is-layout-6c531013 wp-block-group-is-layout-flex\">\n<p class=\"wp-container-content-16d1eb73\">20:00<\/p>\n\n\n\n<div class=\"wp-block-group is-vertical is-layout-flex wp-container-core-group-is-layout-fe9cc265 wp-block-group-is-layout-flex\">\n<h4 class=\"wp-block-heading\">Soir\u00e9e d&rsquo;Ouverture<\/h4>\n\n\n\n<p>Cocktail de bienvenue et retrait des packs.<\/p>\n<\/div>\n<\/div>\n<\/div>\n\n\n\n<div class=\"wp-block-column has-border-color has-accent-5-border-color is-layout-flow wp-block-column-is-layout-flow\" style=\"border-width:1px;border-radius:10px;padding-top:var(--wp--preset--spacing--20);padding-right:var(--wp--preset--spacing--30);padding-bottom:var(--wp--preset--spacing--20);padding-left:var(--wp--preset--spacing--30)\">\n<h3 class=\"wp-block-heading\" id=\"single\"><strong>Samedi 16 Mai<\/strong><\/h3>\n\n\n\n<div class=\"wp-block-group is-nowrap is-layout-flex wp-container-core-group-is-layout-6c531013 wp-block-group-is-layout-flex\">\n<p class=\"wp-container-content-16d1eb73\">09:00<\/p>\n\n\n\n<div class=\"wp-block-group is-vertical is-layout-flex wp-container-core-group-is-layout-fe9cc265 wp-block-group-is-layout-flex\">\n<h4 class=\"wp-block-heading\">Matchs Officiels<\/h4>\n\n\n\n<p>Phase de poules et finales l&rsquo;apr\u00e8s-midi.<\/p>\n<\/div>\n<\/div>\n\n\n\n<div class=\"wp-block-group is-nowrap is-layout-flex wp-container-core-group-is-layout-6c531013 wp-block-group-is-layout-flex\">\n<p class=\"wp-container-content-16d1eb73\">12:00<\/p>\n\n\n\n<div class=\"wp-block-group is-vertical is-layout-flex wp-container-core-group-is-layout-fe9cc265 wp-block-group-is-layout-flex\">\n<h4 class=\"wp-block-heading\">Pause D\u00e9jeuner<\/h4>\n\n\n\n<p>Inclus dans le pass joueur.<\/p>\n<\/div>\n<\/div>\n\n\n\n<div class=\"wp-block-group is-nowrap is-layout-flex wp-container-core-group-is-layout-6c531013 wp-block-group-is-layout-flex\">\n<p class=\"wp-container-content-16d1eb73\">20:00<\/p>\n\n\n\n<div class=\"wp-block-group is-vertical is-layout-flex wp-container-core-group-is-layout-f84d1e41 wp-block-group-is-layout-flex\" style=\"padding-top:0;padding-bottom:0\">\n<h4 class=\"wp-block-heading\">La Grande Night<\/h4>\n\n\n\n<p>Repas, DJ Set et surprises sp\u00e9ciales 20 ans.<\/p>\n<\/div>\n<\/div>\n<\/div>\n\n\n\n<div class=\"wp-block-column has-border-color has-accent-2-border-color is-layout-flow wp-block-column-is-layout-flow\" style=\"border-width:1px;border-radius:10px;padding-top:var(--wp--preset--spacing--20);padding-right:var(--wp--preset--spacing--30);padding-bottom:var(--wp--preset--spacing--20);padding-left:var(--wp--preset--spacing--30)\">\n<h3 class=\"wp-block-heading\" id=\"single\"><strong>Dimanche 17 Ma<\/strong>i<\/h3>\n\n\n\n<h4 class=\"wp-block-heading\">LE BRUNCH<\/h4>\n\n\n\n<p>L&rsquo;heure des aurevoirs<\/p>\n\n\n\n<p>Un buffet gourmand pour recharger les batteries avant le d\u00e9part. (Optionnel)<\/p>\n<\/div>\n<\/div>\n<\/div>\n\n\n\n<h2 class=\"wp-block-heading\">Ou \u00e7a se passe ?<\/h2>\n","protected":false},"excerpt":{"rendered":"<p>Nouveaut\u00e9s Tout comme les fleurs qui \u00e9closent dans des endroits inattendus, chaque histoire se d\u00e9ploie avec beaut\u00e9 et r\u00e9silience, r\u00e9v\u00e9lant des merveilles cach\u00e9es. Cat\u00e9gories principales Anthuriums Cactus Tournesols Instagram @exemple Touw&rsquo;inclusive Le tournoi de rugby LGBTQIA+ inclusif o\u00f9 le sport rencontre la f\u00eate et la convivialit\u00e9 toulousaine. Planning Annuler ou mettre en pause \u00e0 tout [&hellip;]<\/p>\n","protected":false},"author":1,"featured_media":0,"parent":0,"menu_order":0,"comment_status":"closed","ping_status":"closed","template":"page-sombre","meta":{"footnotes":""},"class_list":["post-972719","page","type-page","status-publish","hentry"],"_links":{"self":[{"href":"https:\/\/www.touwin.com\/index.php\/wp-json\/wp\/v2\/pages\/972719","targetHints":{"allow":["GET"]}}],"collection":[{"href":"https:\/\/www.touwin.com\/index.php\/wp-json\/wp\/v2\/pages"}],"about":[{"href":"https:\/\/www.touwin.com\/index.php\/wp-json\/wp\/v2\/types\/page"}],"author":[{"embeddable":true,"href":"https:\/\/www.touwin.com\/index.php\/wp-json\/wp\/v2\/users\/1"}],"replies":[{"embeddable":true,"href":"https:\/\/www.touwin.com\/index.php\/wp-json\/wp\/v2\/comments?post=972719"}],"version-history":[{"count":26,"href":"https:\/\/www.touwin.com\/index.php\/wp-json\/wp\/v2\/pages\/972719\/revisions"}],"predecessor-version":[{"id":975252,"href":"https:\/\/www.touwin.com\/index.php\/wp-json\/wp\/v2\/pages\/972719\/revisions\/975252"}],"wp:attachment":[{"href":"https:\/\/www.touwin.com\/index.php\/wp-json\/wp\/v2\/media?parent=972719"}],"curies":[{"name":"wp","href":"https:\/\/api.w.org\/{rel}","templated":true}]}}